{"id":2050,"date":"2022-07-12T09:33:01","date_gmt":"2022-07-12T09:33:01","guid":{"rendered":"http:\/\/igualdadenlaempresaaragon.es\/?page_id=2050"},"modified":"2022-07-12T10:19:52","modified_gmt":"2022-07-12T10:19:52","slug":"tratamiento-de-datos-personales","status":"publish","type":"page","link":"https:\/\/igualdadenlaempresaaragon.es\/?page_id=2050","title":{"rendered":"TRATAMIENTO DE DATOS PERSONALES"},"content":{"rendered":"\t\t<div data-elementor-type=\"wp-page\" data-elementor-id=\"2050\" class=\"elementor elementor-2050\" data-elementor-settings=\"{&quot;ha_cmc_init_switcher&quot;:&quot;no&quot;}\" data-elementor-post-type=\"page\">\n\t\t\t\t\t\t<section class=\"elementor-section elementor-top-section elementor-element elementor-element-588bbbfe elementor-section-boxed elementor-section-height-default elementor-section-height-default\" data-id=\"588bbbfe\" data-element_type=\"section\" data-e-type=\"section\" data-settings=\"{&quot;_ha_eqh_enable&quot;:false}\">\n\t\t\t\t\t\t<div class=\"elementor-container elementor-column-gap-default\">\n\t\t\t\t\t<div class=\"elementor-column elementor-col-100 elementor-top-column elementor-element elementor-element-5505b106\" data-id=\"5505b106\" data-element_type=\"column\" data-e-type=\"column\">\n\t\t\t<div class=\"elementor-widget-wrap elementor-element-populated\">\n\t\t\t\t\t\t<div class=\"elementor-element elementor-element-3a41f8e5 elementor-widget elementor-widget-text-editor\" data-id=\"3a41f8e5\" data-element_type=\"widget\" data-e-type=\"widget\" data-widget_type=\"text-editor.default\">\n\t\t\t\t<div class=\"elementor-widget-container\">\n\t\t\t\t\t\t\t\t\t<p><strong>Responsables:<\/strong><\/p>\t\t\t\t\t\t\t\t<\/div>\n\t\t\t\t<\/div>\n\t\t\t\t\t<\/div>\n\t\t<\/div>\n\t\t\t\t\t<\/div>\n\t\t<\/section>\n\t\t\t\t<section class=\"elementor-section elementor-top-section elementor-element elementor-element-f483b77 elementor-section-boxed elementor-section-height-default elementor-section-height-default\" data-id=\"f483b77\" data-element_type=\"section\" data-e-type=\"section\" data-settings=\"{&quot;_ha_eqh_enable&quot;:false}\">\n\t\t\t\t\t\t<div class=\"elementor-container elementor-column-gap-default\">\n\t\t\t\t\t<div class=\"elementor-column elementor-col-100 elementor-top-column elementor-element elementor-element-15d905c\" data-id=\"15d905c\" data-element_type=\"column\" data-e-type=\"column\">\n\t\t\t<div class=\"elementor-widget-wrap elementor-element-populated\">\n\t\t\t\t\t\t<div class=\"elementor-element elementor-element-288ddc8 elementor-blockquote--skin-border elementor-widget elementor-widget-blockquote\" data-id=\"288ddc8\" data-element_type=\"widget\" data-e-type=\"widget\" data-widget_type=\"blockquote.default\">\n\t\t\t\t<div class=\"elementor-widget-container\">\n\t\t\t\t\t\t\t<blockquote class=\"elementor-blockquote\">\n\t\t\t<p class=\"elementor-blockquote__content\">\n\t\t\t\t<B>CCOO Arag\u00f3n<\/B><BR>\nCIF G 50139278<BR>\nDirecci\u00f3n: P\u00ba de la Constituci\u00f3n, 12, 3\u00b0 Planta \u2013 50008 Zaragoza<BR>\nTel\u00e9fono: 976 48 32 37<BR>\nCorreo electr\u00f3nico:\u00a0sgral.ar@aragon.ccoo.es<BR><BR>\n\n<B>CEOE Arag\u00f3n<\/B><BR>\nCIF: G50115989<BR>\nDirecci\u00f3n: \u00a0Avenida de Jos\u00e9 Atar\u00e9s, 20, Zaragoza \u2013 50018 Zaragoza<BR>\nTel\u00e9fono: 976460066<BR>\nCorreo electr\u00f3nico:\u00a0igualdad@ceoearagon.es<BR><BR>\n\n<B>CEPYME Arag\u00f3n<\/B><BR>\nCIF: G50336585<BR>\nDirecci\u00f3n: Pza. Roma, F1 oficinas, 2\u00aa planta \u2013 50010 Zaragoza<BR>\nTel\u00e9fono: 976766060<BR>\nCorreo electr\u00f3nico: cepyme@cepymearagon.es<BR><BR>\n\n<B>Direcci\u00f3n General de Trabajo, Aut\u00f3nomos y Econom\u00eda Social<\/B><BR>\nCIF: S5011001D<BR>\nDirecci\u00f3n: Fernando El Cat\u00f3lico, 63-65 \u2013 50071 Zaragoza<BR>\nTel\u00e9fono: 976 715920<BR>\nCorreo electr\u00f3nico: trabajo@aragon.es<BR><BR>\n\n<B>UGT Arag\u00f3n<\/B><BR>\nCIF: G-50568674<BR>\nDirecci\u00f3n: C\/ Costa, 1 \u2013 50001 Zaragoza<BR>\nTel\u00e9fono: 976700100<BR>\nE-mail: dpd@aragon.ugt.org<BR><BR>\t\t\t<\/p>\n\t\t\t\t\t<\/blockquote>\n\t\t\t\t\t\t<\/div>\n\t\t\t\t<\/div>\n\t\t\t\t\t<\/div>\n\t\t<\/div>\n\t\t\t\t\t<\/div>\n\t\t<\/section>\n\t\t\t\t<section class=\"elementor-section elementor-top-section elementor-element elementor-element-164b8f6 elementor-section-boxed elementor-section-height-default elementor-section-height-default\" data-id=\"164b8f6\" data-element_type=\"section\" data-e-type=\"section\" data-settings=\"{&quot;_ha_eqh_enable&quot;:false}\">\n\t\t\t\t\t\t<div class=\"elementor-container elementor-column-gap-default\">\n\t\t\t\t\t<div class=\"elementor-column elementor-col-100 elementor-top-column elementor-element elementor-element-3e91614\" data-id=\"3e91614\" data-element_type=\"column\" data-e-type=\"column\">\n\t\t\t<div class=\"elementor-widget-wrap elementor-element-populated\">\n\t\t\t\t\t\t<div class=\"elementor-element elementor-element-4d034ec elementor-widget elementor-widget-text-editor\" data-id=\"4d034ec\" data-element_type=\"widget\" data-e-type=\"widget\" data-widget_type=\"text-editor.default\">\n\t\t\t\t<div class=\"elementor-widget-container\">\n\t\t\t\t\t\t\t\t\t<p><strong>Finalidad:<\/strong><br \/>Env\u00edo de correo autom\u00e1tico con las novedades incluidas en el blog. Plazo de conservaci\u00f3n de datos: Durante el plazo de prestaci\u00f3n del servicio y el necesario para la justificaci\u00f3n exigida por la administraci\u00f3n sin perjuicio del derecho de baja que pueda ejercitar el titular.<\/p><p><strong>Legitimaci\u00f3n<\/strong>:<br \/>Consentimiento de la persona interesada. No existe obligaci\u00f3n por su parte de facilitar los datos requeridos, sin embargo es posible que nos veamos imposibilitados para ofrecerle el servicio.<\/p><p><strong>Personas Destinatarias:<\/strong><br \/>No est\u00e1 prevista la cesi\u00f3n de datos a terceros, salvo autorizaci\u00f3n expresa del titular de los mismos.<\/p><p><strong>Derechos:<\/strong><br \/>La persona interesada tiene los siguientes derechos: acceso a sus datos personales, rectificaci\u00f3n, supresi\u00f3n, limitaci\u00f3n u oposici\u00f3n al tratamiento y portabilidad de los datos. Puede ejercer estos derechos dirigi\u00e9ndose por correo electr\u00f3nico, por escrito, por tel\u00e9fono o presencialmente en las direcciones indicadas en el apartado \u201cResponsable\u201d. Tiene tambi\u00e9n derecho a retirar el consentimiento en cualquier momento, sin que ello afecte a la licitud del tratamiento basado en el consentimiento previo a su retirada. En caso de no haber obtenido satisfacci\u00f3n en el ejercicio de sus derechos, puede reclamar ante la\u00a0<a href=\"http:\/\/www.agdp.es\/\" target=\"_Blank\" rel=\"noopener\"><strong>Agencia de Protecci\u00f3n de Datos<\/strong><\/a>.<\/p><p><strong>Informaci\u00f3n adicional<\/strong>:<br \/>Puede consultar informaci\u00f3n adicional y detallada sobre Protecci\u00f3n de Datos en nuestra\u00a0<a href=\"https:\/\/igualdadenlaempresaaragon.es\/?page_id=2026\"><b>Pol\u00edtica de Privacidad<\/b><\/a>\u00a0y\u00a0<a href=\"https:\/\/igualdadenlaempresaaragon.es\/?page_id=2030\"><b>Aviso Legal<\/b><\/a>.<\/p>\t\t\t\t\t\t\t\t<\/div>\n\t\t\t\t<\/div>\n\t\t\t\t\t<\/div>\n\t\t<\/div>\n\t\t\t\t\t<\/div>\n\t\t<\/section>\n\t\t\t\t<\/div>\n\t\t","protected":false},"excerpt":{"rendered":"<p>Responsables: CCOO Arag\u00f3n CIF G 50139278 Direcci\u00f3n: P\u00ba de la Constituci\u00f3n, 12, 3\u00b0 Planta \u2013 50008 Zaragoza Tel\u00e9fono: 976 48 32 37 Correo electr\u00f3nico:\u00a0sgral.ar@aragon.ccoo.es CEOE Arag\u00f3n CIF: G50115989 Direcci\u00f3n: \u00a0Avenida de Jos\u00e9 Atar\u00e9s, 20, Zaragoza \u2013 50018 Zaragoza Tel\u00e9fono: 976460066 Correo electr\u00f3nico:\u00a0igualdad@ceoearagon.es CEPYME Arag\u00f3n CIF: G50336585 Direcci\u00f3n: Pza. Roma, F1 oficinas, 2\u00aa planta \u2013 50010 [&hellip;]<\/p>\n","protected":false},"author":1,"featured_media":0,"parent":0,"menu_order":0,"comment_status":"closed","ping_status":"closed","template":"","meta":{"footnotes":""},"class_list":["post-2050","page","type-page","status-publish","hentry"],"jetpack_sharing_enabled":true,"post_mailing_queue_ids":[],"_links":{"self":[{"href":"https:\/\/igualdadenlaempresaaragon.es\/index.php?rest_route=\/wp\/v2\/pages\/2050","targetHints":{"allow":["GET"]}}],"collection":[{"href":"https:\/\/igualdadenlaempresaaragon.es\/index.php?rest_route=\/wp\/v2\/pages"}],"about":[{"href":"https:\/\/igualdadenlaempresaaragon.es\/index.php?rest_route=\/wp\/v2\/types\/page"}],"author":[{"embeddable":true,"href":"https:\/\/igualdadenlaempresaaragon.es\/index.php?rest_route=\/wp\/v2\/users\/1"}],"replies":[{"embeddable":true,"href":"https:\/\/igualdadenlaempresaaragon.es\/index.php?rest_route=%2Fwp%2Fv2%2Fcomments&post=2050"}],"version-history":[{"count":4,"href":"https:\/\/igualdadenlaempresaaragon.es\/index.php?rest_route=\/wp\/v2\/pages\/2050\/revisions"}],"predecessor-version":[{"id":2075,"href":"https:\/\/igualdadenlaempresaaragon.es\/index.php?rest_route=\/wp\/v2\/pages\/2050\/revisions\/2075"}],"wp:attachment":[{"href":"https:\/\/igualdadenlaempresaaragon.es\/index.php?rest_route=%2Fwp%2Fv2%2Fmedia&parent=2050"}],"curies":[{"name":"wp","href":"https:\/\/api.w.org\/{rel}","templated":true}]}}