{"id":2030,"date":"2022-07-12T09:11:45","date_gmt":"2022-07-12T09:11:45","guid":{"rendered":"http:\/\/igualdadenlaempresaaragon.es\/?page_id=2030"},"modified":"2022-09-09T07:28:34","modified_gmt":"2022-09-09T07:28:34","slug":"aviso-legal","status":"publish","type":"page","link":"https:\/\/igualdadenlaempresaaragon.es\/?page_id=2030","title":{"rendered":"AVISO LEGAL"},"content":{"rendered":"<p>Las entidades abajo referenciadas tratamos la informaci\u00f3n que nos facilita con el fin de prestarles el servicio solicitado e informarles sobre el mismo. Los datos proporcionados se conservar\u00e1n mientras se mantenga la relaci\u00f3n de servicio o comercial, o durante los a\u00f1os necesarios para cumplir con las obligaciones legales. Los datos no se ceder\u00e1n a terceros salvo en los casos en que exista una obligaci\u00f3n legal. Usted tiene derecho a obtener confirmaci\u00f3n sobre si en las entidades responsables estamos tratando sus datos personales, por tanto tiene derecho a acceder a sus datos personales, rectificar los datos inexactos o solicitar su supresi\u00f3n cuando los datos ya no sean necesarios.<\/p>\n<p><strong>COMPROMISO \/ POLITICA DE PROTECCION DE DATOS DE CAR\u00c1CTER PERSONAL.-<\/strong><\/p>\n<p>Las Entidades arriba referenciadas quieren informar a sus usuarias y usuarios de c\u00f3mo recopilamos y tratamos de forma segura cualquier dato que nos proporcionen en el uso de nuestros servicios.<\/p>\n<p>Esta es la finalidad de este Compromiso \/ \u00a0Pol\u00edtica de protecci\u00f3n de datos de car\u00e1cter personal que permitir\u00e1 a nuestros clientes y\/o usuarios de servicios consultar aquella informaci\u00f3n que necesiten o despejar las dudas que puedan tener sobre el tratamiento que realizamos de los datos de car\u00e1cter personal.<\/p>\n<p>La presente pol\u00edtica aplica a esta p\u00e1gina web por lo que no ser\u00e1 de aplicaci\u00f3n a sitios web de terceros o sistemas de toma de datos de terceros, incluyendo aqu\u00e9llos a los que se pueda acceder a trav\u00e9s de un enlace web desde nuestros entornos.<\/p>\n<p><strong>Responsable de Tratamiento.-<\/strong><\/p>\n<p>La presente pol\u00edtica de tratamiento de datos se aplica a todas las entidades que aqu\u00ed se relacionan:<\/p>\n<ul>\n<li><strong>CCOO Arag\u00f3n.<\/strong><\/li>\n<\/ul>\n<p>CIF G 50139278<br \/>\nDirecci\u00f3n: P\u00ba de la Constituci\u00f3n, 12, 3\u00b0 Planta \u2013 50008 Zaragoza<br \/>\nTel\u00e9fono: 976 48 32 37<br \/>\nCorreo electr\u00f3nico:\u00a0<a href=\"mailto:sgral.ar@aragon.ccoo.es\">sgral.ar@aragon.ccoo.es<\/a><\/p>\n<ul>\n<li><strong>CEOE Arag\u00f3n<\/strong><\/li>\n<\/ul>\n<p>CIF: G50115989<br \/>\nDirecci\u00f3n:\u00a0 Avda. Cesar Augusto 20, Zaragoza \u2013 50004 Zaragoza<br \/>\nTel\u00e9fono: 976460066<br \/>\nCorreo electr\u00f3nico:\u00a0<a href=\"mailto:igualdad@ceoearagon.es\">igualdad@ceoearagon.es<\/a><\/p>\n<ul>\n<li><strong>CEPYME Arag\u00f3n<\/strong><\/li>\n<\/ul>\n<p>CIF: G50336585<br \/>\nDirecci\u00f3n: Pza. Roma, F1 oficinas, 2\u00aa planta \u2013 50010 Zaragoza<br \/>\nTel\u00e9fono: 976766060<br \/>\nCorreo electr\u00f3nico: <a href=\"mailto:cepyme@cepymearagon.es\">cepyme@cepymearagon.es<\/a><\/p>\n<ul>\n<li><strong>Direcci\u00f3n General de Trabajo, Aut\u00f3nomos y Econom\u00eda Social<\/strong><\/li>\n<\/ul>\n<p>CIF: S5011001D<br \/>\nDirecci\u00f3n: Fernando El Cat\u00f3lico, 63-65 \u2013 50071 Zaragoza<br \/>\nTel\u00e9fono: 976 715920<br \/>\nCorreo electr\u00f3nico: <a href=\"mailto:trabajo@aragon.es\">trabajo@aragon.es<\/a><\/p>\n<ul>\n<li><strong>UGT Arag\u00f3n<\/strong><\/li>\n<\/ul>\n<p>CIF: G-50568674<br \/>\nDirecci\u00f3n: C\/ Costa, 1 \u2013 50001 Zaragoza<br \/>\nTel\u00e9fono: 976700100<br \/>\nE-mail: <a href=\"mailto:dpd@aragon.ugt.org\">dpd@aragon.ugt.org<\/a><\/p>\n<p><strong>Titularidad de los datos personales a los que aplica la presente Pol\u00edtica<\/strong><\/p>\n<p>La presente pol\u00edtica de privacidad, de conformidad con la normativa de protecci\u00f3n de datos de car\u00e1cter personal, describe el tratamiento, la gesti\u00f3n y la finalidad con la que son tratados los datos de car\u00e1cter personal de:<\/p>\n<ol>\n<li>Las personas, empresas y entidades, usuarios o no, que contacten con las Entidades antes referenciadas para la solicitud de informaci\u00f3n y\/o la prestaci\u00f3n o la contrataci\u00f3n de un servicio.<\/li>\n<li>Las personas que se den de alta como Usuarias en las referidas Entidades para contratar un servicio ofertado en la sus plataformas web, o por cualquier otro medio, o para solicitar la recepci\u00f3n de comunicaciones o informaci\u00f3n sobre los mismos.<\/li>\n<li>Terceros cuyos datos personales hayan sido facilitados por nuestros usuarios o clientes o que hubiesen sido obtenido por cuenta de nuestros clientes, para la correcta prestaci\u00f3n de los servicios solicitados.<\/li>\n<\/ol>\n<p><strong>Fuentes de los datos.-<\/strong><\/p>\n<p>Los datos personales son obtenidos directamente de nuestros usuarios.<\/p>\n<p>Nuestras Entidades recoger\u00e1n los datos personales facilitados directamente por nuestros usuarios\/clientes, a trav\u00e9s de la presente P\u00e1gina Web:<\/p>\n<p>\u2013 Rellenando el alta como usuario para darse de alta en el env\u00edo de comunicaciones sobre las novedades implementadas en esta p\u00e1gina web.<\/p>\n<p>Los datos podr\u00e1n ser asimismo recabados a trav\u00e9s de terceros que hubieran sido designados por los Clientes para actuar como sus mandatarios en las relaciones con nuestras Entidades.<\/p>\n<p>A trav\u00e9s de otras fuentes.<\/p>\n<p>Puntualmente, podremos recabar datos de car\u00e1cter personal de otras fuentes, como registros de la propiedad y\/o mercantiles, registros de ayuntamiento y comunidades aut\u00f3nomas, etc., cuando se exija la realizaci\u00f3n de comprobaciones o la aportaci\u00f3n de datos incorporados en estos registros.<\/p>\n<p><strong>Qu\u00e9 datos personales recabamos.-<\/strong><\/p>\n<p>A\/ Datos de Clientes y Usuarios<\/p>\n<p>Los estrictamente necesarios para la prestaci\u00f3n de los servicios o informaci\u00f3n solicitados, en especial:<br \/>\na) Datos identificativos: correo electr\u00f3nico.<\/p>\n<p><strong>Finalidad de los datos y legitimaci\u00f3n de uso.-<\/strong><\/p>\n<p>Las Entidades referenciadas tratar\u00e1n los datos personales aportados por sus clientes y usuarios principalmente para gestionar prestaci\u00f3n del servicio solicitado y facilitar la informaci\u00f3n interesada. La legitimaci\u00f3n se basa, por tanto en el previo y expreso consentimiento del titular de los datos para tales finalidades.<\/p>\n<p>Los datos personales de terceros aportados por nuestros clientes o recabados por las entidades que act\u00faen \u00a0por cuenta de los mismos, ser\u00e1n tratados \u00fanica y exclusivamente para la correcta realizaci\u00f3n de los servicios solicitados y ser\u00e1n tratados sobre la base legal de inter\u00e9s leg\u00edtimo del responsable del tratamiento.<\/p>\n<p>El cliente o entidad asociada que hubiese aportado los datos de terceros o por cuya cuenta se hubiesen obtenido, asume el deber de informar, si legalmente fuese necesario, a dichas personas(terceros) del tratamiento que las Entidades referenciadas llevar\u00e1n a cabo de sus datos personales y de los derechos que le asisten descritos en el presente documento<\/p>\n<p>Si fuera nuestro usuario o cliente, podremos utilizar sus datos con la finalidad de remitirle por correo electr\u00f3nico informaci\u00f3n promocional de las organizaciones en relaci\u00f3n con servicios similares al que usted hubiese contratado. El tratamiento se realizar\u00e1 en cumplimiento de lo establecido en la Ley 34\/2002, de 11 de julio, de servicios de la sociedad de la informaci\u00f3n y de comercio electr\u00f3nico. El env\u00edo de informaci\u00f3n sobre la actividad de la compa\u00f1\u00eda encuentra su legitimaci\u00f3n en el inter\u00e9s leg\u00edtimo de las Entidades responsables del tratamiento, pudiendo manifestar el cliente en cualquier momento su oposici\u00f3n a este tipo de tratamiento sin que en ning\u00fan caso el ejercicio de este derecho condicione el mantenimiento o la terminaci\u00f3n de la relaci\u00f3n contractual que le vincula con la compa\u00f1\u00eda.<\/p>\n<p>Si usted no es usuario o cliente de las Entidades pero hubiese aceptado expresamente la recepci\u00f3n de comunicaciones comerciales o informativas, trataremos sus datos con dicha finalidad, y sobre la base de su consentimiento expreso, pudiendo usted no obstante revocarlo en cualquier momento .<\/p>\n<p><strong>Plazo de conservaci\u00f3n de los datos.-<\/strong><\/p>\n<p>Le informamos que los datos proporcionados por Ud. ser\u00e1n conservados para la gesti\u00f3n de los servicios y durante el plazo de necesario para:<\/p>\n<p>\u2013 \u00a0Para la constataci\u00f3n de su condici\u00f3n de usuario y del servicio prestado.<\/p>\n<p>\u2013 \u00a0Para el cumplimiento de las obligaciones legales a las que estamos sometidos,<\/p>\n<p>\u2013\u00a0 Para responder a las consultas o reclamaciones que usted o un tercero nos pueda realizar, en especial las de acreditaci\u00f3n ante la Administraci\u00f3n P\u00fablica.<\/p>\n<p>Le informamos que mantendremos los datos durante un per\u00edodo m\u00ednimo de 2 a\u00f1os, plazo que entendemos necesario para garantizar que tanto nuestros clientes como terceros legitimados, puedan acceder a los mismos durante el plazo en el que se encuentren vigentes las operaciones activas realizadas con base en los mismos. As\u00ed mismo, y en atenci\u00f3n a que la responsabilidad comercial o profesional de nuestras Entidades est\u00e1n sujetas a plazos de reclamaci\u00f3n dilatados en el tiempo, el mantenimiento de los datos se hace necesario para garantizar la defensa de nuestros intereses hasta el trascurso del plazo de prescripci\u00f3n de las acciones que de los servicios pudiera derivarse o de las obligaciones legales de justificaci\u00f3n o acreditaci\u00f3n del servicio, en especial ante la Administraci\u00f3n P\u00fablica.<\/p>\n<p>Si usted ha consentido expresamente la recepci\u00f3n de informaci\u00f3n comercial, mantendremos sus datos con esta finalidad hasta el momento en el que usted gestione la baja en el servicio.<\/p>\n<p>En cualquier caso, le recordamos que tiene derecho a cancelar tus datos personales en cualquier momento.<\/p>\n<p><strong>CESION DE DATOS.<\/strong><\/p>\n<p>Las Entidades anteriormente citadas solo podr\u00e1n compartir los datos amparados en su expresa autorizaci\u00f3n o en los supuestos necesarios para el estricto y exclusivo cumplimiento o satisfacci\u00f3n de las finalidades antes mencionadas, o para cualquier otra finalidad necesaria para el correcto desarrollo de la relaci\u00f3n con usted o causa que estuviese justificada en el inter\u00e9s leg\u00edtimo de las Entidades referenciadas, as\u00ed como en los casos legalmente previstos.<\/p>\n<p>En especial, podremos dar acceso o comunicar sus datos personales sin el consentimiento del titular, en los casos siguientes:<\/p>\n<ol>\n<li>Con los Juzgados y Tribunales, Fuerzas y Cuerpos de Seguridad del Estado y con otras Autoridades Administrativas, en especial Banco de Espa\u00f1a, CNMV , Haciendas P\u00fablicas, o otra autoridad, cuando entendamos que legalmente pueda requer\u00edrnoslos.<\/li>\n<li>Con terceros encargados de tratamiento de las Entidades referenciadas que desempe\u00f1en funciones en nuestro nombre (a t\u00edtulo de ejemplo, cursos de formaci\u00f3n, servicios de colocaci\u00f3n, asesor\u00edas, servicios para los usuarios, etc. ) cuando la correcta prestaci\u00f3n del servicio requiera tener acceso a los datos de car\u00e1cter personal de nuestros usuarios o usuarios, con los que en todo caso y para garantizar la seguridad de sus datos , suscribir\u00e1n el correspondiente contrato regulados de las obligaciones de cada uno de dichos encargados del tratamiento.<\/li>\n<li>Asimismo podremos compartir sus datos en los casos en los que otorgue expresa autorizaci\u00f3n para ello.<\/li>\n<\/ol>\n<p><strong>Transferencia Internacional de Datos.-<\/strong><\/p>\n<p>Cualquier transferencia de datos internacional a pa\u00edses de la UE solo se llevar\u00e1 a cabo con su expresa autorizaci\u00f3n o con amparo legal bastante, de acuerdo con la normativa UE aplicable.<\/p>\n<p>De ser precisa \u2013 previa su autorizaci\u00f3n \u2013 la cesi\u00f3n de sus datos, \u00a0a pa\u00edses o territorios que no ofrezcan un nivel de protecci\u00f3n equiparable al de la UE, estableceremos las medidas t\u00e9cnicas y jur\u00eddicas necesarias para garantizar la seguridad y legitimidad de la transferencia internacional, as\u00ed como la adecuada confidencialidad y secreto de los datos transferidos, asimil\u00e1ndolo en lo posible al nivel exigido en la UE, suscribiendo un acuerdo con la entidad o entidades importadoras de los datos, que incluya las cl\u00e1usulas contractuales tipo establecidas en la Decisi\u00f3n de la Comisi\u00f3n Europea 2010\/87\/UE, de 5 de febrero de 2010 o las que en sustituci\u00f3n de aquellas se pudieran aprobar en el futuro.<\/p>\n<p><strong>Medidas de Seguridad<\/strong><\/p>\n<p>Nos comprometemos a tratar tus datos de conformidad con lo establecido en la normativa aplicable y, en particular:<\/p>\n<ul>\n<li>A tratar aquellos datos a los que tengamos acceso, con suficientes garant\u00edas de confidencialidad;<\/li>\n<li>A adoptar aquellas medidas de seguridad t\u00e9cnicas y organizativas necesarias para evitar la alteraci\u00f3n, p\u00e9rdida y el tratamiento o acceso no autorizado a tus datos.<\/li>\n<\/ul>\n<p>Todos sus datos se guardan en servidores seguros (o copias f\u00edsicas seguras) de nuestra propiedad o, en su caso, de nuestros subcontratistas o socios de negocio, y para acceder a ellos y utilizarlos se aplican nuestros criterios y pol\u00edticas de seguridad (u otras equivalentes de nuestros subcontratistas o socios de negocio).<\/p>\n<p>Aunque en las transmisiones de datos a trav\u00e9s de internet o desde una web no es posible garantizar una protecci\u00f3n absoluta contra intrusiones, tanto nosotros como nuestros subcontratistas y socios de negocio nos esforzamos al m\u00e1ximo en mantener las medidas de protecci\u00f3n f\u00edsica, electr\u00f3nica y procedimental necesarias para garantizar la protecci\u00f3n de su informaci\u00f3n de acuerdo con las exigencias aplicables en materia de protecci\u00f3n de datos.<\/p>\n<p><strong>DERECHOS<\/strong><\/p>\n<p>Puede ejercer, en relaci\u00f3n a sus datos personales, los derecho de acceso, rectificaci\u00f3n, supresi\u00f3n, portabilidad de sus datos y la limitaci\u00f3n u oposici\u00f3n mediante escrito en la direcci\u00f3n de los responsables abajo indicadas.<\/p>\n<p>\u2013 Acceso: Puede solicitarnos que le proporcionemos m\u00e1s detalles acerca de c\u00f3mo tratamos sus datos de car\u00e1cter personal y solicitar una copia de la informaci\u00f3n personal que tengamos sobre usted.<\/p>\n<p>\u2013 Rectificaci\u00f3n: Puede pedirnos que cambiemos cualquier inexactitud en los datos de car\u00e1cter personal que tenemos de usted.<\/p>\n<p>\u2013 Supresi\u00f3n: Puede pedirnos que cancelemos sus datos de car\u00e1cter personal cuando ya no tengamos motivos legales para utilizarla y haya vencido la relaci\u00f3n que nos vincule a usted.<\/p>\n<p>\u2013 Limitaci\u00f3n del tratamiento: puede restringir el tratamiento de sus datos por TINSA para una o varias finalidades concretas.<\/p>\n<p>\u2013 Oposici\u00f3n: puede oponerse al tratamiento de sus datos por la empresa para una finalidad determinada, siempre que dicho tratamiento no sea necesario para el cumplimiento, desarrollo y control de su relaci\u00f3n l.<\/p>\n<p>\u2013 Portabilidad: Puede pedirnos que traslademos la informaci\u00f3n personal que nos haya facilitado a un tercero.<\/p>\n<p>Puede ejercer sus derechos de acceso, rectificaci\u00f3n, supresi\u00f3n, limitaci\u00f3n en el tratamiento, oposici\u00f3n y portabilidad de datos dirigi\u00e9ndose a cualquiera de estas direcciones:<\/p>\n<ul>\n<li><strong>CCOO Arag\u00f3n.<\/strong><\/li>\n<\/ul>\n<p>CIF G 50139278<br \/>\nDirecci\u00f3n: P\u00ba de la Constituci\u00f3n, 12, 3\u00b0 Planta \u2013 50008 Zaragoza<br \/>\nTel\u00e9fono: 976 48 32 37<br \/>\nCorreo electr\u00f3nico:\u00a0<a href=\"mailto:sgral.ar@aragon.ccoo.es\">sgral.ar@aragon.ccoo.es<\/a><\/p>\n<ul>\n<li><strong>CEOE Arag\u00f3n<\/strong><\/li>\n<\/ul>\n<p>CIF: G50115989<br \/>\nDirecci\u00f3n:\u00a0 Avda. Cesar Augusto, 20, Zaragoza \u2013 50004 Zaragoza<br \/>\nTel\u00e9fono: 976460066<br \/>\nCorreo electr\u00f3nico:\u00a0<a href=\"mailto:ceoearagon@ceoearagon.es\">ceoearagon@ceoearagon.es<\/a><\/p>\n<ul>\n<li><strong>CEPYME Arag\u00f3n<\/strong><\/li>\n<\/ul>\n<p>CIF: G50336585<br \/>\nDirecci\u00f3n: Pza Roma, F1 oficinas, 2\u00aa planta \u2013 50010 Zararagoza<br \/>\nTel\u00e9fono: 976766060<br \/>\nCorreo electr\u00f3nico:\u00a0<a href=\"mailto:cepyme@cepymearagon.es\">cepyme@cepymearagon.es<\/a><\/p>\n<ul>\n<li><strong>Direcci\u00f3n General de Trabajo, Aut\u00f3nomos y Econom\u00eda Social<\/strong><\/li>\n<\/ul>\n<p>CIF: S5011001D<br \/>\nDirecci\u00f3n: Fernando El Cat\u00f3lico, 63-65 \u2013 50071 Zaragoza<br \/>\nTel\u00e9fono: 976 715920<br \/>\nCorreo electr\u00f3nico: <a href=\"mailto:trabajo@aragon.es\">trabajo@aragon.es<\/a><\/p>\n<ul>\n<li><strong>UGT Arag\u00f3n<\/strong><\/li>\n<\/ul>\n<p>CIF: G-50568674<br \/>\nDirecci\u00f3n: C\/ Costa, 1 \u2013 50.001 Zaragoza<br \/>\nTel\u00e9fono: 976700100<br \/>\nE-mail: <a href=\"mailto:dpd@aragon.ugt.org\">dpd@aragon.ugt.org<\/a><\/p>\n<p>Mediante env\u00edo de correo electr\u00f3nico remitido a la direcciones que se indican o mediante carta a la direcci\u00f3n postal igualmente se\u00f1alada acompa\u00f1ando en este caso documento de identidad y refiriendo los derechos que espec\u00edficamente quiere ejercer.<\/p>\n<p>En \u00faltima instancia puede solicitar informaci\u00f3n sobre sus derechos y presentar una reclamaci\u00f3n ante la Autoridad Espa\u00f1ola de Protecci\u00f3n de Datos, con domicilio en la calle Jorge Juan, n\u00ba 6, 28001 Madrid.<\/p>\n","protected":false},"excerpt":{"rendered":"<p>Las entidades abajo referenciadas tratamos la informaci\u00f3n que nos facilita con el fin de prestarles el servicio solicitado e informarles sobre el mismo. Los datos proporcionados se conservar\u00e1n mientras se mantenga la relaci\u00f3n de servicio o comercial, o durante los a\u00f1os necesarios para cumplir con las obligaciones legales. Los datos no se ceder\u00e1n a terceros [&hellip;]<\/p>\n","protected":false},"author":1,"featured_media":0,"parent":0,"menu_order":0,"comment_status":"closed","ping_status":"closed","template":"","meta":{"footnotes":""},"class_list":["post-2030","page","type-page","status-publish","hentry"],"jetpack_sharing_enabled":true,"post_mailing_queue_ids":[],"_links":{"self":[{"href":"https:\/\/igualdadenlaempresaaragon.es\/index.php?rest_route=\/wp\/v2\/pages\/2030","targetHints":{"allow":["GET"]}}],"collection":[{"href":"https:\/\/igualdadenlaempresaaragon.es\/index.php?rest_route=\/wp\/v2\/pages"}],"about":[{"href":"https:\/\/igualdadenlaempresaaragon.es\/index.php?rest_route=\/wp\/v2\/types\/page"}],"author":[{"embeddable":true,"href":"https:\/\/igualdadenlaempresaaragon.es\/index.php?rest_route=\/wp\/v2\/users\/1"}],"replies":[{"embeddable":true,"href":"https:\/\/igualdadenlaempresaaragon.es\/index.php?rest_route=%2Fwp%2Fv2%2Fcomments&post=2030"}],"version-history":[{"count":3,"href":"https:\/\/igualdadenlaempresaaragon.es\/index.php?rest_route=\/wp\/v2\/pages\/2030\/revisions"}],"predecessor-version":[{"id":2115,"href":"https:\/\/igualdadenlaempresaaragon.es\/index.php?rest_route=\/wp\/v2\/pages\/2030\/revisions\/2115"}],"wp:attachment":[{"href":"https:\/\/igualdadenlaempresaaragon.es\/index.php?rest_route=%2Fwp%2Fv2%2Fmedia&parent=2030"}],"curies":[{"name":"wp","href":"https:\/\/api.w.org\/{rel}","templated":true}]}}