{"id":2026,"date":"2022-07-12T09:09:43","date_gmt":"2022-07-12T09:09:43","guid":{"rendered":"http:\/\/igualdadenlaempresaaragon.es\/?page_id=2026"},"modified":"2022-07-12T09:09:43","modified_gmt":"2022-07-12T09:09:43","slug":"politica-de-privacidad","status":"publish","type":"page","link":"https:\/\/igualdadenlaempresaaragon.es\/?page_id=2026","title":{"rendered":"POL\u00cdTICA DE PRIVACIDAD"},"content":{"rendered":"<p>Est\u00e1 p\u00e1gina web se ajusta a lo previsto en la Ley 34\/2002, de 11 de julio, de servicios de la Sociedad de Informaci\u00f3n y de Comercio Electr\u00f3nico (B.O.E. de 12 de julio de 2002).<\/p>\n<p>Este sitio web est\u00e1 gestionado por CCOO Arag\u00f3n, CEOE Arag\u00f3n, Gobierno de Arag\u00f3n, UGT Arag\u00f3n y CEPYME Arag\u00f3n siendo esta \u00faltima \u00a0la titular del dominio\u00a0<a href=\"https:\/\/igualdadenlaempresaaragon.es\/\">https:\/\/igualdadenlaempresaaragon.es\/<\/a>, de nacionalidad espa\u00f1ola con domicilio social en Plaza Roma, F1 oficinas, 2\u00aa planta, 50010 Zaragoza, Espa\u00f1a y CIF n\u00famero G50336585.\u00a0Tel\u00e9fono: 976766060.\u00a0Datos registrales: Inscrita en el Registro de Asociaciones Empresariales del Gobierno de Arag\u00f3n con n\u00famero 72099bis.<\/p>\n<p><strong>Derechos de propiedad, uso y reutilizaci\u00f3n.<\/strong><\/p>\n<p>Las entidades anteriormente referenciadas tienen autorizaci\u00f3n legal para su uso, de los derechos de propiedad intelectual e industrial de la totalidad de los contenidos de esta p\u00e1gina web.<\/p>\n<p>Se autoriza expresamente la reproducci\u00f3n o reutilizaci\u00f3n para uso privado y sin \u00e1nimo de lucro, de los contenidos de esta p\u00e1gina web en las siguientes condiciones:<\/p>\n<p>En particular est\u00e1 permitido:<\/p>\n<ul>\n<li>La copia y difusi\u00f3n de la informaci\u00f3n aqu\u00ed contenida en forma de texto escrito.<\/li>\n<li>La modificaci\u00f3n, adaptaci\u00f3n, extracci\u00f3n, reordenaci\u00f3n y combinaci\u00f3n de la informaci\u00f3n.<\/li>\n<li>La reproducci\u00f3n, distribuci\u00f3n, comunicaci\u00f3n p\u00fablica o transformaci\u00f3n, necesaria para desarrollar la actividad de reutilizaci\u00f3n autorizada, en cualquier modalidad y bajo cualquier formato, para todo el mundo y por el plazo m\u00e1ximo permitido por la Ley.<\/li>\n<\/ul>\n<p>Bajo estas condiciones:<\/p>\n<ul>\n<li>Est\u00e1 prohibido desnaturalizar el sentido de la informaci\u00f3n.<\/li>\n<li>Debe citarse la fuente de los documentos objeto de la reutilizaci\u00f3n. Esta cita podr\u00e1 realizarse de la siguiente manera: \u201cOrigen de los documentos: P\u00e1gina Web\u00a0<a href=\"https:\/\/igualdadenlaempresaaragon.es\/\">https:\/\/igualdadenlaempresaaragon.es\/<\/a>\u201d<\/li>\n<li>Debe mencionarse la fecha de la \u00faltima actualizaci\u00f3n de los documentos objeto de la reutilizaci\u00f3n, siempre y cuando estuviera incluida en el documento original.<\/li>\n<li>No se podr\u00e1 indicar, insinuar o sugerir que las entidades anteriormente referenciadas participan, patrocinan o apoyan la reutilizaci\u00f3n que se lleve a cabo con ella.<\/li>\n<li>Deben conservarse, no alterarse ni suprimirse los metadatos sobre la fecha de actualizaci\u00f3n y las condiciones de reutilizaci\u00f3n aplicables incluidos, en su caso, en el documento puesto a disposici\u00f3n para su reutilizaci\u00f3n.<\/li>\n<\/ul>\n<p>No est\u00e1n incluidos en las condiciones de reutilizaci\u00f3n o uso por terceros los siguientes documentos:<\/p>\n<ul>\n<li>Dominios, logotipos, fotograf\u00edas, dibujos y elementos gr\u00e1ficos y su forma de presentaci\u00f3n.<\/li>\n<li>Elementos cuya propiedad intelectual pertenece o est\u00e1 compartida con terceros o cedida en uso o por licencia de terceros.<\/li>\n<\/ul>\n<p>las entidades referenciadas no asumir\u00e1n ninguna responsabilidad que se pudiera derivar de cualquier alteraci\u00f3n o manipulaci\u00f3n de esta p\u00e1gina web por parte de terceros.<\/p>\n<p><strong>Modificaci\u00f3n de la presente pol\u00edtica de privacidad.<\/strong><\/p>\n<p>Las organizaciones anteriormente nombradas se reservan el derecho a modificar la presente pol\u00edtica para adaptarla a futuras novedades legislativas o jurisprudenciales, as\u00ed como a pr\u00e1cticas de la industria, informando previamente a los usuarios de los cambios que en ella se produzcan.<\/p>\n<p>Asimismo, se reservan la rescisi\u00f3n de los servicios que realiza, en aquellos usuarios que no cumplan con los t\u00e9rminos y condiciones legales de uso, as\u00ed como con la legislaci\u00f3n vigente.<\/p>\n","protected":false},"excerpt":{"rendered":"<p>Est\u00e1 p\u00e1gina web se ajusta a lo previsto en la Ley 34\/2002, de 11 de julio, de servicios de la Sociedad de Informaci\u00f3n y de Comercio Electr\u00f3nico (B.O.E. de 12 de julio de 2002). Este sitio web est\u00e1 gestionado por CCOO Arag\u00f3n, CEOE Arag\u00f3n, Gobierno de Arag\u00f3n, UGT Arag\u00f3n y CEPYME Arag\u00f3n siendo esta \u00faltima [&hellip;]<\/p>\n","protected":false},"author":1,"featured_media":0,"parent":0,"menu_order":0,"comment_status":"closed","ping_status":"closed","template":"","meta":{"footnotes":""},"class_list":["post-2026","page","type-page","status-publish","hentry"],"jetpack_sharing_enabled":true,"post_mailing_queue_ids":[],"_links":{"self":[{"href":"https:\/\/igualdadenlaempresaaragon.es\/index.php?rest_route=\/wp\/v2\/pages\/2026","targetHints":{"allow":["GET"]}}],"collection":[{"href":"https:\/\/igualdadenlaempresaaragon.es\/index.php?rest_route=\/wp\/v2\/pages"}],"about":[{"href":"https:\/\/igualdadenlaempresaaragon.es\/index.php?rest_route=\/wp\/v2\/types\/page"}],"author":[{"embeddable":true,"href":"https:\/\/igualdadenlaempresaaragon.es\/index.php?rest_route=\/wp\/v2\/users\/1"}],"replies":[{"embeddable":true,"href":"https:\/\/igualdadenlaempresaaragon.es\/index.php?rest_route=%2Fwp%2Fv2%2Fcomments&post=2026"}],"version-history":[{"count":1,"href":"https:\/\/igualdadenlaempresaaragon.es\/index.php?rest_route=\/wp\/v2\/pages\/2026\/revisions"}],"predecessor-version":[{"id":2027,"href":"https:\/\/igualdadenlaempresaaragon.es\/index.php?rest_route=\/wp\/v2\/pages\/2026\/revisions\/2027"}],"wp:attachment":[{"href":"https:\/\/igualdadenlaempresaaragon.es\/index.php?rest_route=%2Fwp%2Fv2%2Fmedia&parent=2026"}],"curies":[{"name":"wp","href":"https:\/\/api.w.org\/{rel}","templated":true}]}}